{"id":1453,"date":"2024-07-05T07:52:42","date_gmt":"2024-07-05T07:52:42","guid":{"rendered":"https:\/\/lingy.ai\/?page_id=1453"},"modified":"2024-07-05T07:54:35","modified_gmt":"2024-07-05T07:54:35","slug":"text-summarization","status":"publish","type":"page","link":"https:\/\/lingy.ai\/tr\/text-summarization\/","title":{"rendered":"Metin \u00d6zetleme\u200b"},"content":{"rendered":"<div data-elementor-type=\"wp-page\" data-elementor-id=\"1453\" class=\"elementor elementor-1453\">\n\t\t\t\t<div class=\"elementor-element elementor-element-9e0036e e-flex e-con-boxed e-con e-parent\" data-id=\"9e0036e\" data-element_type=\"container\" data-settings=\"{&quot;background_background&quot;:&quot;classic&quot;}\">\n\t\t\t\t\t<div class=\"e-con-inner\">\n\t\t<div class=\"elementor-element elementor-element-ed79abc e-con-full e-flex e-con e-child\" data-id=\"ed79abc\" data-element_type=\"container\">\n\t\t<div class=\"elementor-element elementor-element-597b965 e-con-full e-flex e-con e-child\" data-id=\"597b965\" data-element_type=\"container\">\n\t\t<div class=\"elementor-element elementor-element-11d9bb4 e-con-full e-flex e-con e-child\" data-id=\"11d9bb4\" data-element_type=\"container\">\n\t\t\t\t<div class=\"elementor-element elementor-element-1f4402a elementor-widget__width-initial elementor-widget elementor-widget-heading\" data-id=\"1f4402a\" data-element_type=\"widget\" data-widget_type=\"heading.default\">\n\t\t\t\t<div class=\"elementor-widget-container\">\n\t\t\t<style>\/*! elementor - v3.22.0 - 26-06-2024 *\/\n.elementor-heading-title{padding:0;margin:0;line-height:1}.elementor-widget-heading .elementor-heading-title[class*=elementor-size-]>a{color:inherit;font-size:inherit;line-height:inherit}.elementor-widget-heading .elementor-heading-title.elementor-size-small{font-size:15px}.elementor-widget-heading .elementor-heading-title.elementor-size-medium{font-size:19px}.elementor-widget-heading .elementor-heading-title.elementor-size-large{font-size:29px}.elementor-widget-heading .elementor-heading-title.elementor-size-xl{font-size:39px}.elementor-widget-heading .elementor-heading-title.elementor-size-xxl{font-size:59px}<\/style><h1 class=\"elementor-heading-title elementor-size-default\">Metin \u00d6zetleme\u200b<\/h1>\t\t<\/div>\n\t\t\t\t<\/div>\n\t\t\t\t<div class=\"elementor-element elementor-element-4969828 elementor-widget elementor-widget-text-editor\" data-id=\"4969828\" data-element_type=\"widget\" data-widget_type=\"text-editor.default\">\n\t\t\t\t<div class=\"elementor-widget-container\">\n\t\t\t<style>\/*! elementor - v3.22.0 - 26-06-2024 *\/\n.elementor-widget-text-editor.elementor-drop-cap-view-stacked .elementor-drop-cap{background-color:#69727d;color:#fff}.elementor-widget-text-editor.elementor-drop-cap-view-framed .elementor-drop-cap{color:#69727d;border:3px solid;background-color:transparent}.elementor-widget-text-editor:not(.elementor-drop-cap-view-default) .elementor-drop-cap{margin-top:8px}.elementor-widget-text-editor:not(.elementor-drop-cap-view-default) .elementor-drop-cap-letter{width:1em;height:1em}.elementor-widget-text-editor .elementor-drop-cap{float:left;text-align:center;line-height:1;font-size:50px}.elementor-widget-text-editor .elementor-drop-cap-letter{display:inline-block}<\/style>\t\t\t\t<p>Uzun metinleri \u00f6nemli noktalar\u0131 k\u0131sa ve \u00f6z bir \u015fekilde vurgulayarak \u00f6zetler.\u200b<\/p>\t\t\t\t\t\t<\/div>\n\t\t\t\t<\/div>\n\t\t<div class=\"elementor-element elementor-element-11a6ac9 e-flex e-con-boxed e-con e-child\" data-id=\"11a6ac9\" data-element_type=\"container\">\n\t\t\t\t\t<div class=\"e-con-inner\">\n\t\t\t\t<div class=\"elementor-element elementor-element-909c0dd elementor-widget__width-auto elementor-mobile-align-center elementor-widget-mobile__width-inherit elementor-widget elementor-widget-button\" data-id=\"909c0dd\" data-element_type=\"widget\" data-widget_type=\"button.default\">\n\t\t\t\t<div class=\"elementor-widget-container\">\n\t\t\t\t\t<div class=\"elementor-button-wrapper\">\n\t\t\t<a class=\"elementor-button elementor-button-link elementor-size-sm\" href=\"https:\/\/dashboard.lingy.ai\">\n\t\t\t\t\t\t<span class=\"elementor-button-content-wrapper\">\n\t\t\t\t\t\t<span class=\"elementor-button-icon\">\n\t\t\t\t<svg aria-hidden=\"true\" class=\"e-font-icon-svg e-fas-sign-in-alt\" viewbox=\"0 0 512 512\" xmlns=\"http:\/\/www.w3.org\/2000\/svg\"><path d=\"M416 448h-84c-6.6 0-12-5.4-12-12v-40c0-6.6 5.4-12 12-12h84c17.7 0 32-14.3 32-32V160c0-17.7-14.3-32-32-32h-84c-6.6 0-12-5.4-12-12V76c0-6.6 5.4-12 12-12h84c53 0 96 43 96 96v192c0 53-43 96-96 96zm-47-201L201 79c-15-15-41-4.5-41 17v96H24c-13.3 0-24 10.7-24 24v96c0 13.3 10.7 24 24 24h136v96c0 21.5 26 32 41 17l168-168c9.3-9.4 9.3-24.6 0-34z\"><\/path><\/svg>\t\t\t<\/span>\n\t\t\t\t\t\t\t\t\t<span class=\"elementor-button-text\">\u00dccretsiz Denemenizi Ba\u015flat\u0131n<\/span>\n\t\t\t\t\t<\/span>\n\t\t\t\t\t<\/a>\n\t\t<\/div>\n\t\t\t\t<\/div>\n\t\t\t\t<\/div>\n\t\t\t\t\t<\/div>\n\t\t\t\t<\/div>\n\t\t\t\t<\/div>\n\t\t<div class=\"elementor-element elementor-element-a0a45da e-con-full e-flex e-con e-child\" data-id=\"a0a45da\" data-element_type=\"container\">\n\t\t\t\t<div class=\"elementor-element elementor-element-1f31963 elementor-widget elementor-widget-image\" data-id=\"1f31963\" data-element_type=\"widget\" data-widget_type=\"image.default\">\n\t\t\t\t<div class=\"elementor-widget-container\">\n\t\t\t<style>\/*! elementor - v3.22.0 - 26-06-2024 *\/\n.elementor-widget-image{text-align:center}.elementor-widget-image a{display:inline-block}.elementor-widget-image a img[src$=\".svg\"]{width:48px}.elementor-widget-image img{vertical-align:middle;display:inline-block}<\/style>\t\t\t\t\t\t\t\t\t\t<img fetchpriority=\"high\" decoding=\"async\" width=\"1024\" height=\"573\" src=\"https:\/\/i0.wp.com\/lingy.ai\/wp-content\/uploads\/2024\/03\/lingy.ai_-e1711010172616.jpg?fit=1024%2C573&amp;ssl=1\" class=\"attachment-large size-large wp-image-1349\" alt=\"\" \/>\t\t\t\t\t\t\t\t\t\t\t\t\t<\/div>\n\t\t\t\t<\/div>\n\t\t\t\t<\/div>\n\t\t\t\t<\/div>\n\t\t<div class=\"elementor-element elementor-element-3b42446 e-con-full e-flex e-con e-child\" data-id=\"3b42446\" data-element_type=\"container\">\n\t\t\t\t<\/div>\n\t\t\t\t<\/div>\n\t\t\t\t\t<\/div>\n\t\t\t\t<\/div>\n\t\t<div class=\"elementor-element elementor-element-c793776 e-grid e-con-boxed e-con e-parent\" data-id=\"c793776\" data-element_type=\"container\" data-settings=\"{&quot;background_background&quot;:&quot;classic&quot;}\">\n\t\t\t\t\t<div class=\"e-con-inner\">\n\t\t<div class=\"elementor-element elementor-element-146511a e-con-full e-flex e-con e-child\" data-id=\"146511a\" data-element_type=\"container\">\n\t\t\t\t<div class=\"elementor-element elementor-element-789e2c2 elementor-widget elementor-widget-text-editor\" data-id=\"789e2c2\" data-element_type=\"widget\" data-widget_type=\"text-editor.default\">\n\t\t\t\t<div class=\"elementor-widget-container\">\n\t\t\t\t\t\t\t<p>Metin \u00d6zetleme, kullan\u0131c\u0131lar\u0131n uzun belgelerden temel bilgileri h\u0131zl\u0131ca kavramalar\u0131na yard\u0131mc\u0131 olur, \u00f6zl\u00fc \u00f6zetler sunar.<\/p><p>Bu \u00f6zellik, kapsaml\u0131 raporlar\u0131 incelemesi gereken profesyoneller, ders materyallerini \u00f6zetlemek isteyen \u00f6\u011frenciler ve bir belgenin tamam\u0131n\u0131 okumadan ana mesaj\u0131n\u0131 anlamak isteyen herkes i\u00e7in idealdir.<\/p>\t\t\t\t\t\t<\/div>\n\t\t\t\t<\/div>\n\t\t\t\t<\/div>\n\t\t<div class=\"elementor-element elementor-element-5b53f5d e-con-full e-flex e-con e-child\" data-id=\"5b53f5d\" data-element_type=\"container\">\n\t\t\t\t<\/div>\n\t\t\t\t\t<\/div>\n\t\t\t\t<\/div>\n\t\t<div class=\"elementor-element elementor-element-4b82ee5 e-grid e-con-boxed e-con e-parent\" data-id=\"4b82ee5\" data-element_type=\"container\" data-settings=\"{&quot;background_background&quot;:&quot;classic&quot;}\">\n\t\t\t\t\t<div class=\"e-con-inner\">\n\t\t<div class=\"elementor-element elementor-element-2155a75 e-con-full e-flex e-con e-child\" data-id=\"2155a75\" data-element_type=\"container\">\n\t\t\t\t<\/div>\n\t\t<div class=\"elementor-element elementor-element-b6cfea2 e-con-full e-flex e-con e-child\" data-id=\"b6cfea2\" data-element_type=\"container\">\n\t\t\t\t<div class=\"elementor-element elementor-element-0aed0a7 elementor-widget elementor-widget-text-editor\" data-id=\"0aed0a7\" data-element_type=\"widget\" data-widget_type=\"text-editor.default\">\n\t\t\t\t<div class=\"elementor-widget-container\">\n\t\t\t\t\t\t\t<h5>Metin \u00d6zetleme, Belge Kar\u015f\u0131la\u015ft\u0131rma ve Soru-Cevap ile iyi \u00e7al\u0131\u015f\u0131r.<\/h5><p>Bir belgeyi \u00f6zetledikten sonra, kullan\u0131c\u0131lar Belge Kar\u015f\u0131la\u015ft\u0131rma \u00f6zelli\u011fini kullanarak di\u011fer belgelerle benzerlikleri ve farkl\u0131l\u0131klar\u0131 belirleyebilirler.<\/p><p>Ayr\u0131ca, \u00f6zetlenen i\u00e7erik, Soru-Cevap \u00f6zelli\u011fi ile sorular olu\u015fturmak i\u00e7in temel olarak kullan\u0131labilir, bu da anlama ve etkile\u015fimi art\u0131r\u0131r.<\/p><h4>\u00a0<\/h4>\t\t\t\t\t\t<\/div>\n\t\t\t\t<\/div>\n\t\t\t\t<\/div>\n\t\t\t\t\t<\/div>\n\t\t\t\t<\/div>\n\t\t<div class=\"elementor-element elementor-element-877f663 e-flex e-con-boxed e-con e-parent\" data-id=\"877f663\" data-element_type=\"container\" data-settings=\"{&quot;background_background&quot;:&quot;classic&quot;}\">\n\t\t\t\t\t<div class=\"e-con-inner\">\n\t\t<div class=\"elementor-element elementor-element-7106f73 e-con-full e-flex e-con e-child\" data-id=\"7106f73\" data-element_type=\"container\">\n\t\t\t\t<div class=\"elementor-element elementor-element-f8e6e21 elementor-invisible elementor-widget elementor-widget-text-editor\" data-id=\"f8e6e21\" data-element_type=\"widget\" data-settings=\"{&quot;_animation&quot;:&quot;fadeInUp&quot;}\" data-widget_type=\"text-editor.default\">\n\t\t\t\t<div class=\"elementor-widget-container\">\n\t\t\t\t\t\t\t<p>Okuma s\u00fcrecinizi kolayla\u015ft\u0131r\u0131n ve anahtar bilgileri zahmetsizce \u00e7\u0131kar\u0131n.<\/p>\t\t\t\t\t\t<\/div>\n\t\t\t\t<\/div>\n\t\t\t\t<div class=\"elementor-element elementor-element-771819f elementor-align-center elementor-widget elementor-widget-button\" data-id=\"771819f\" data-element_type=\"widget\" data-widget_type=\"button.default\">\n\t\t\t\t<div class=\"elementor-widget-container\">\n\t\t\t\t\t<div class=\"elementor-button-wrapper\">\n\t\t\t<a class=\"elementor-button elementor-button-link elementor-size-sm\" href=\"https:\/\/dashboard.lingy.ai\/\">\n\t\t\t\t\t\t<span class=\"elementor-button-content-wrapper\">\n\t\t\t\t\t\t\t\t\t<span class=\"elementor-button-text\">\u015eimdi Metin \u00d6zetleme \u00f6zelli\u011fini kullan\u0131n!<\/span>\n\t\t\t\t\t<\/span>\n\t\t\t\t\t<\/a>\n\t\t<\/div>\n\t\t\t\t<\/div>\n\t\t\t\t<\/div>\n\t\t\t\t<\/div>\n\t\t\t\t\t<\/div>\n\t\t\t\t<\/div>\n\t\t\t\t<\/div>","protected":false},"excerpt":{"rendered":"<p>Text Summarization Summarizes long texts by highlighting the key points in a concise manner. Start Your Free Trial Text Summarization helps users quickly grasp the essential information from lengthy documents by providing concise summaries. This feature is ideal for professionals who need to review extensive reports, students who want to summarize study materials, and anyone [&hellip;]<\/p>","protected":false},"author":1,"featured_media":0,"parent":0,"menu_order":0,"comment_status":"closed","ping_status":"closed","template":"","meta":{"site-sidebar-layout":"no-sidebar","site-content-layout":"page-builder","ast-site-content-layout":"full-width-container","site-content-style":"unboxed","site-sidebar-style":"unboxed","ast-global-header-display":"","ast-banner-title-visibility":"","ast-main-header-display":"","ast-hfb-above-header-display":"","ast-hfb-below-header-display":"","ast-hfb-mobile-header-display":"","site-post-title":"disabled","ast-breadcrumbs-content":"","ast-featured-img":"disabled","footer-sml-layout":"","theme-transparent-header-meta":"enabled","adv-header-id-meta":"","stick-header-meta":"","header-above-stick-meta":"","header-main-stick-meta":"","header-below-stick-meta":"","astra-migrate-meta-layouts":"set","ast-page-background-enabled":"default","ast-page-background-meta":{"desktop":{"background-color":"var(--ast-global-color-4)","background-image":"","background-repeat":"repeat","background-position":"center center","background-size":"auto","background-attachment":"scroll","background-type":"","background-media":"","overlay-type":"","overlay-color":"","overlay-gradient":""},"tablet":{"background-color":"","background-image":"","background-repeat":"repeat","background-position":"center center","background-size":"auto","background-attachment":"scroll","background-type":"","background-media":"","overlay-type":"","overlay-color":"","overlay-gradient":""},"mobile":{"background-color":"","background-image":"","background-repeat":"repeat","background-position":"center center","background-size":"auto","background-attachment":"scroll","background-type":"","background-media":"","overlay-type":"","overlay-color":"","overlay-gradient":""}},"ast-content-background-meta":{"desktop":{"background-color":"var(--ast-global-color-5)","background-image":"","background-repeat":"repeat","background-position":"center center","background-size":"auto","background-attachment":"scroll","background-type":"","background-media":"","overlay-type":"","overlay-color":"","overlay-gradient":""},"tablet":{"background-color":"var(--ast-global-color-5)","background-image":"","background-repeat":"repeat","background-position":"center center","background-size":"auto","background-attachment":"scroll","background-type":"","background-media":"","overlay-type":"","overlay-color":"","overlay-gradient":""},"mobile":{"background-color":"var(--ast-global-color-5)","background-image":"","background-repeat":"repeat","background-position":"center center","background-size":"auto","background-attachment":"scroll","background-type":"","background-media":"","overlay-type":"","overlay-color":"","overlay-gradient":""}},"footnotes":""},"class_list":["post-1453","page","type-page","status-publish","hentry"],"jetpack_sharing_enabled":true,"_links":{"self":[{"href":"https:\/\/lingy.ai\/tr\/wp-json\/wp\/v2\/pages\/1453","targetHints":{"allow":["GET"]}}],"collection":[{"href":"https:\/\/lingy.ai\/tr\/wp-json\/wp\/v2\/pages"}],"about":[{"href":"https:\/\/lingy.ai\/tr\/wp-json\/wp\/v2\/types\/page"}],"author":[{"embeddable":true,"href":"https:\/\/lingy.ai\/tr\/wp-json\/wp\/v2\/users\/1"}],"replies":[{"embeddable":true,"href":"https:\/\/lingy.ai\/tr\/wp-json\/wp\/v2\/comments?post=1453"}],"version-history":[{"count":4,"href":"https:\/\/lingy.ai\/tr\/wp-json\/wp\/v2\/pages\/1453\/revisions"}],"predecessor-version":[{"id":1457,"href":"https:\/\/lingy.ai\/tr\/wp-json\/wp\/v2\/pages\/1453\/revisions\/1457"}],"wp:attachment":[{"href":"https:\/\/lingy.ai\/tr\/wp-json\/wp\/v2\/media?parent=1453"}],"curies":[{"name":"wp","href":"https:\/\/api.w.org\/{rel}","templated":true}]}}